{"id":14,"date":"2016-09-18T16:44:57","date_gmt":"2016-09-18T16:44:57","guid":{"rendered":"http:\/\/rimera.eu\/?page_id=14"},"modified":"2020-09-10T05:02:37","modified_gmt":"2020-09-10T05:02:37","slug":"esileht","status":"publish","type":"page","link":"https:\/\/rimera.eu\/","title":{"rendered":"Avaleht"},"content":{"rendered":"<p><strong><span style=\"color: #008000;\"><em>Kas t\u00f6\u00f6taja haigestus ja on vaja leida kiiresti asendajat?<br \/>\n<\/em><\/span><\/strong><br \/>\n<strong> <span style=\"color: #008000;\"><em>Vajate hooajaks appi lisat\u00f6\u00f6tajaid aga ei soovi ise personalidokumentatsiooniga tegeleda?<\/em><\/span><\/strong><\/p>\n<p><strong><span style=\"color: #008000;\"><em>Kas otsite kontorisse uut koristajat, sekret\u00e4ri, ladudesse pakkijaid, transportt\u00f6\u00f6lisi, laot\u00f6\u00f6lisi, klienditeenindajaid, m\u00fc\u00fcgiinimesi ja v\u00e4rbamisega on kiire?<\/em><\/span><\/strong><\/p>\n<ul>\n<li>Te tahaksite eelnevalt veenduda\u00a0inimese sobivuses Teie ettev\u00f5ttesse.<br \/>\nNB! Kasuta t\u00f6\u00f6taja rentimise teenust! (<em>Loe l\u00e4hemalt siit<\/em>:\u00a0<span style=\"color: #008000;\"><a style=\"color: #008000;\" href=\"http:\/\/rimera.eu\/index.php\/toojou-rent\/\">http:\/\/rimera.eu\/index.php\/toojou-rent\/<\/a>\u00a0<\/span>)<\/li>\n<li>Pakume uue t\u00f6\u00f6taja asemele kui eelnev ei sobinud !<\/li>\n<li>Kui\u00a0t\u00f6\u00f6taja sobib peale tema rentimist, saate kokkuleppelise v\u00e4rbamistasu eest t\u00f6\u00f6taja \u00fcle v\u00f5tta ning s\u00f5lmida temaga pikaajalise t\u00f6\u00f6suhte. (Loe teenusest l\u00e4hemalt:\u00a0<span style=\"color: #008000;\"><a style=\"color: #008000;\" href=\"http:\/\/rimera.eu\/index.php\/toojou-rent-vahendus\/\">http:\/\/rimera.eu\/index.php\/toojou-rent-vahendus\/<\/a>\u00a0<\/span>)<\/li>\n<li>Kas sooviksite leida v\u00e4\u00e4rt kolleegi, kuid pole aega tegeleda kandideerimisavalduste kirjutamisega ning kandidaatide selekteerimisega? Palu meid appi v\u00e4rbama.<br \/>\n(Loe l\u00e4hemalt v\u00e4rbamisteenusest:\u00a0<span style=\"color: #008000;\"><a style=\"color: #008000;\" href=\"http:\/\/rimera.eu\/index.php\/toojou-vahendus-varbamisprotsess\/\">http:\/\/rimera.eu\/index.php\/toojou-vahendus-varbamisprotsess\/<\/a><\/span>\u00a0)<\/li>\n<\/ul>\n<blockquote><p><strong><em>Nii lihtne see ongi.<\/em><\/strong><\/p><\/blockquote>\n<p>&nbsp;<\/p>\n<p>Meie kasuks r\u00e4\u00e4gib pikaajaline kogemus ja teadmised personaliotsingute teostamises. Personaliotsingut teostavad t\u00f6\u00f6tajad on praktiseerinud valdkonnas \u00fcle k\u00fcmne aasta, omades kogemusi Eesti -, Soome -, Rootsi -ning Inglismaa t\u00f6\u00f6turule sobiva t\u00f6\u00f6j\u00f5u rentimises ning v\u00e4rbamises.<\/p>\n<p style=\"text-align: left;\">Rimera soovib koost\u00f6\u00f6s kliendiga leida t\u00f6\u00f6j\u00f5uvajaduste lahendamiseks parimaid lahendusi, eesm\u00e4rgiks saavutada pikaaegne ja m\u00f5lemaid osapooli rahuldav koost\u00f6\u00f6suhe.<\/p>\n<h3><strong>V\u00f5ta julgelt \u00fchendust, selgitame \u00fcheskoos v\u00e4lja hetkevajadusele sobiva lahenduse Teie ettev\u00f5tte t\u00f6\u00f6j\u00f5umuredele!<\/strong><\/h3>\n<p><em>T\u00e4ida t\u00f6\u00f6j\u00f5u p\u00e4ringu vorm:\u00a0<span style=\"color: #008000;\"><a style=\"color: #008000;\" href=\"http:\/\/rimera.eu\/index.php\/kontakt\/\">http:\/\/rimera.eu\/index.php\/kontakt\/<\/a><\/span><\/em><\/p>\n","protected":false},"excerpt":{"rendered":"<p>Kas t\u00f6\u00f6taja haigestus ja on vaja leida kiiresti asendajat? Vajate hooajaks appi lisat\u00f6\u00f6tajaid aga ei soovi ise personalidokumentatsiooniga tegeleda? Kas otsite kontorisse uut koristajat, sekret\u00e4ri, ladudesse pakkijaid, transportt\u00f6\u00f6lisi, laot\u00f6\u00f6lisi, klienditeenindajaid, m\u00fc\u00fcgiinimesi ja v\u00e4rbamisega on kiire? Te tahaksite eelnevalt veenduda\u00a0inimese sobivuses Teie ettev\u00f5ttesse. NB! Kasuta t\u00f6\u00f6taja rentimise teenust! (Loe l\u00e4hemalt siit:\u00a0http:\/\/rimera.eu\/index.php\/toojou-rent\/\u00a0) Pakume uue t\u00f6\u00f6taja asemele kui [&hellip;]<\/p>\n","protected":false},"author":1,"featured_media":0,"parent":0,"menu_order":0,"comment_status":"closed","ping_status":"closed","template":"esileht-template.php","meta":{"footnotes":""},"class_list":["post-14","page","type-page","status-publish","hentry"],"acf":[],"_links":{"self":[{"href":"https:\/\/rimera.eu\/index.php\/wp-json\/wp\/v2\/pages\/14","targetHints":{"allow":["GET"]}}],"collection":[{"href":"https:\/\/rimera.eu\/index.php\/wp-json\/wp\/v2\/pages"}],"about":[{"href":"https:\/\/rimera.eu\/index.php\/wp-json\/wp\/v2\/types\/page"}],"author":[{"embeddable":true,"href":"https:\/\/rimera.eu\/index.php\/wp-json\/wp\/v2\/users\/1"}],"replies":[{"embeddable":true,"href":"https:\/\/rimera.eu\/index.php\/wp-json\/wp\/v2\/comments?post=14"}],"version-history":[{"count":5,"href":"https:\/\/rimera.eu\/index.php\/wp-json\/wp\/v2\/pages\/14\/revisions"}],"predecessor-version":[{"id":281,"href":"https:\/\/rimera.eu\/index.php\/wp-json\/wp\/v2\/pages\/14\/revisions\/281"}],"wp:attachment":[{"href":"https:\/\/rimera.eu\/index.php\/wp-json\/wp\/v2\/media?parent=14"}],"curies":[{"name":"wp","href":"https:\/\/api.w.org\/{rel}","templated":true}]}}