{"id":32,"date":"2016-09-18T16:55:07","date_gmt":"2016-09-18T16:55:07","guid":{"rendered":"http:\/\/rimera.eu\/?page_id=32"},"modified":"2016-12-16T21:06:59","modified_gmt":"2016-12-16T21:06:59","slug":"toootsijatele","status":"publish","type":"page","link":"https:\/\/rimera.eu\/index.php\/toootsijatele\/","title":{"rendered":"T\u00f6\u00f6otsijatele"},"content":{"rendered":"<p><center><\/p>\n<h3>T\u00e4ida t\u00f6\u00f6otsinguks ankeet<\/h3>\n<p><\/center><br \/>\n<\/p>\n<p>[wpjb_apply_form]<\/p>\n","protected":false},"excerpt":{"rendered":"<p>T\u00e4ida t\u00f6\u00f6otsinguks ankeet [wpjb_apply_form]<\/p>\n","protected":false},"author":1,"featured_media":0,"parent":0,"menu_order":0,"comment_status":"closed","ping_status":"closed","template":"toootsijatele-template.php","meta":{"footnotes":""},"class_list":["post-32","page","type-page","status-publish","hentry"],"acf":[],"_links":{"self":[{"href":"https:\/\/rimera.eu\/index.php\/wp-json\/wp\/v2\/pages\/32","targetHints":{"allow":["GET"]}}],"collection":[{"href":"https:\/\/rimera.eu\/index.php\/wp-json\/wp\/v2\/pages"}],"about":[{"href":"https:\/\/rimera.eu\/index.php\/wp-json\/wp\/v2\/types\/page"}],"author":[{"embeddable":true,"href":"https:\/\/rimera.eu\/index.php\/wp-json\/wp\/v2\/users\/1"}],"replies":[{"embeddable":true,"href":"https:\/\/rimera.eu\/index.php\/wp-json\/wp\/v2\/comments?post=32"}],"version-history":[{"count":5,"href":"https:\/\/rimera.eu\/index.php\/wp-json\/wp\/v2\/pages\/32\/revisions"}],"predecessor-version":[{"id":164,"href":"https:\/\/rimera.eu\/index.php\/wp-json\/wp\/v2\/pages\/32\/revisions\/164"}],"wp:attachment":[{"href":"https:\/\/rimera.eu\/index.php\/wp-json\/wp\/v2\/media?parent=32"}],"curies":[{"name":"wp","href":"https:\/\/api.w.org\/{rel}","templated":true}]}}