{"id":38,"date":"2016-09-18T16:55:57","date_gmt":"2016-09-18T16:55:57","guid":{"rendered":"http:\/\/rimera.eu\/?page_id=38"},"modified":"2020-09-11T05:02:44","modified_gmt":"2020-09-11T05:02:44","slug":"kontakt","status":"publish","type":"page","link":"https:\/\/rimera.eu\/index.php\/kontakt\/","title":{"rendered":"Kontakt"},"content":{"rendered":"<p><img loading=\"lazy\" decoding=\"async\" class=\"wp-image-204 aligncenter\" src=\"http:\/\/rimera.eu\/wp-content\/uploads\/2016\/12\/Rimera-logo-slooganita.jpg\" alt=\"\" width=\"201\" height=\"121\" srcset=\"https:\/\/rimera.eu\/wp-content\/uploads\/2016\/12\/Rimera-logo-slooganita.jpg 934w, https:\/\/rimera.eu\/wp-content\/uploads\/2016\/12\/Rimera-logo-slooganita-167x101.jpg 167w\" sizes=\"auto, (max-width: 201px) 100vw, 201px\" \/><\/p>\n<p><strong>Rimera Recruitment O\u00dc<\/strong><br \/>\nKedriku 2, 11913, Tallinn<br \/>\ninfo@rimera.eu<\/p>\n<p><strong>Ettev\u00f5tte tegevjuht\/Juhatuse liige:<br \/>\n<\/strong>Riin Raud<br \/>\nGsm: +372 56919000<br \/>\nE-mail: riin.raud@rimera.eu<\/p>\n<p><strong>Registrikood:<br \/>\n<\/strong>Eestis: \u00a011915754 ;<br \/>\nY-tunnus Soomes: \u00a02351594-7<\/p>\n<p style=\"text-align: left;\"><strong>Majandustegevuse registris:<br \/>\n<\/strong>STT000232 (T\u00f6\u00f6vahendus) ,<br \/>\nSTR000077 (Rendit\u00f6\u00f6j\u00f5u vahendamine)<\/p>\n<p>&nbsp;<\/p>\n<p>Oleme peatselt avamas looduskeskse seminari ja koolituse maja Tallinnast 35 km kaugusel mere\u00e4\u00e4rses piirkonnas, Kaberneeme vahetus l\u00e4heduses.<\/p>\n<p>Tegemist on p\u00e4evaspaa t\u00fc\u00fcpi teenindushoonega, kus on v\u00f5imalik korraldada kontoriv\u00e4liseid meeskonna\u00fcritusi, v\u00e4ikeiseid seminare, kokkusaamisi, mida troonib p\u00e4eva l\u00f5pus l\u00f5\u00f5gastus k\u00fcmblust\u00fcnnis, leili- ja aurusaunas.<\/p>\n<p>J\u00e4lgige lehte ja olge valmis broneerima!<\/p>\n<p>Lubage oma meeskonnale seda meeldivat vaheldust, et \u00fchendage kasulik ja meeldiv.<\/p>\n<p>Avame hoone kasutuseks 2020 aasta l\u00f5pus.<\/p>\n<p><img decoding=\"async\" src=\"https:\/\/www.agri.ee\/sites\/default\/files\/pictures\/logo\/logo-mak-2014-2020-h-col-eu-text.jpg\" \/><\/p>\n","protected":false},"excerpt":{"rendered":"<p>Rimera Recruitment O\u00dc Kedriku 2, 11913, Tallinn info@rimera.eu Ettev\u00f5tte tegevjuht\/Juhatuse liige: Riin Raud Gsm: +372 56919000 E-mail: riin.raud@rimera.eu Registrikood: Eestis: \u00a011915754 ; Y-tunnus Soomes: \u00a02351594-7 Majandustegevuse registris: STT000232 (T\u00f6\u00f6vahendus) , STR000077 (Rendit\u00f6\u00f6j\u00f5u vahendamine) &nbsp; Oleme peatselt avamas looduskeskse seminari ja koolituse maja Tallinnast 35 km kaugusel mere\u00e4\u00e4rses piirkonnas, Kaberneeme vahetus l\u00e4heduses. Tegemist on p\u00e4evaspaa t\u00fc\u00fcpi [&hellip;]<\/p>\n","protected":false},"author":1,"featured_media":0,"parent":0,"menu_order":0,"comment_status":"closed","ping_status":"closed","template":"contact-template.php","meta":{"footnotes":""},"class_list":["post-38","page","type-page","status-publish","hentry"],"acf":[],"_links":{"self":[{"href":"https:\/\/rimera.eu\/index.php\/wp-json\/wp\/v2\/pages\/38","targetHints":{"allow":["GET"]}}],"collection":[{"href":"https:\/\/rimera.eu\/index.php\/wp-json\/wp\/v2\/pages"}],"about":[{"href":"https:\/\/rimera.eu\/index.php\/wp-json\/wp\/v2\/types\/page"}],"author":[{"embeddable":true,"href":"https:\/\/rimera.eu\/index.php\/wp-json\/wp\/v2\/users\/1"}],"replies":[{"embeddable":true,"href":"https:\/\/rimera.eu\/index.php\/wp-json\/wp\/v2\/comments?post=38"}],"version-history":[{"count":5,"href":"https:\/\/rimera.eu\/index.php\/wp-json\/wp\/v2\/pages\/38\/revisions"}],"predecessor-version":[{"id":290,"href":"https:\/\/rimera.eu\/index.php\/wp-json\/wp\/v2\/pages\/38\/revisions\/290"}],"wp:attachment":[{"href":"https:\/\/rimera.eu\/index.php\/wp-json\/wp\/v2\/media?parent=38"}],"curies":[{"name":"wp","href":"https:\/\/api.w.org\/{rel}","templated":true}]}}