{"id":72,"date":"2016-09-30T19:56:08","date_gmt":"2016-09-30T19:56:08","guid":{"rendered":"http:\/\/rimera.eu\/?page_id=72"},"modified":"2018-10-31T12:42:48","modified_gmt":"2018-10-31T12:42:48","slug":"toojou-vahendus-varbamisprotsess","status":"publish","type":"page","link":"https:\/\/rimera.eu\/index.php\/toojou-vahendus-varbamisprotsess\/","title":{"rendered":"T\u00f6\u00f6j\u00f5u vahendus \/ v\u00e4rbamisprotsess"},"content":{"rendered":"<h2>T\u00f6\u00f6j\u00f5u vahendus(v\u00e4rbamine)<\/h2>\n<blockquote>\n<p style=\"text-align: left;\"><strong>Kui oled otsimas pikaaegset t\u00f6\u00f6tajat j\u00e4ta kogu personaliotsingu protsess Rimera Recruitment O\u00dc personaliteenuste spetsialistile!<\/strong><\/p>\n<ul>\n<li style=\"text-align: left;\">Kandidaadi v\u00e4rbamise protsessis Rimera Recruitment O\u00dc kaardistab kliendiga koost\u00f6\u00f6s v\u00e4rbamiseks olulised seigad. Nendeks on muuhulgas kompetentsi- ja koolitusn\u00f5uded, t\u00f6\u00f6keskkond ja muu seesugune info.<\/li>\n<\/ul>\n<\/blockquote>\n<p style=\"text-align: left;\">Olles saanud t\u00e4psed otsingukriteeriumid, ametikohan\u00f5uded ning otsitava isikuprofiili kirjelduse paika:<\/p>\n<ul>\n<li style=\"text-align: left;\">hoolitseme kuulutuse ilmutamise eest \u00f5igetes otsingukanalites<\/li>\n<li style=\"text-align: left;\">otsime profiilikirjeldusele vastavad kandidaadid meie t\u00f6\u00f6otsijateregistrist lisaks uutele kandideerijatele<\/li>\n<li style=\"text-align: left;\">kutsume sobivaimad vestlustele<\/li>\n<li style=\"text-align: left;\">esitleme oma valiku kliendile<\/li>\n<li style=\"text-align: left;\">hoolitseme vestlusgraafikute tegemise ning vajalike testide teostamise eest.<\/li>\n<\/ul>\n<p style=\"text-align: left;\">\n<blockquote>\n<p style=\"text-align: left;\"><strong>Rimera Recruitment O\u00dc ei rakenda v\u00e4rbamisprotseduuridega alustamiseks mingeid ettemaksuarveid. Arve teenuse eest esitatakse alles seej\u00e4rel kui Rimera Recruitment O\u00dc klient on valikuks esitatud kandideerijate seast leidnud sobiva ning s\u00f5lminud temaga t\u00f6\u00f6suhte.<\/strong><\/p>\n<\/blockquote>\n<p style=\"text-align: left;\">\nRimera Recruitment O\u00dc annab v\u00e4rbamiste puhul kliendile <strong>garantiiaja<\/strong>, mille jooksul asendatakse t\u00f6\u00f6taja lisanduvate kuludeta uue t\u00f6\u00f6tajaga, juhul kui v\u00e4ljavalitud t\u00f6\u00f6taja \u00fctleb t\u00f6\u00f6suhte \u00fcles v\u00f5i klient soovib l\u00f5petada t\u00f6\u00f6suhte t\u00f6\u00f6tajaga vajaliku kompetentsuse puudumise t\u00f5ttu.<\/p>\n<p style=\"text-align: left;\"><span style=\"text-decoration: underline; color: #003300;\">Rimera Recruitment O\u00dc on usaldusv\u00e4\u00e4rne ja kliendikeskne koost\u00f6\u00f6partner personalivaldkonna v\u00e4ljakutsetes.<\/span><\/p>\n<p style=\"text-align: left;\"><span style=\"text-decoration: underline; color: #003300;\">Keskendume sellele, et t\u00f6\u00f6le kandideerimine oleks lihtne ning t\u00f6\u00f6koht Rimera Recruitment O\u00dc\u00b4s oleks meeldiv ja \u00f5iglaselt tasustatud.<\/span><\/p>\n<p style=\"text-align: left;\"><span style=\"text-decoration: underline; color: #003300;\">Klienditeenindus on meil kliendikeskne ning kiire: vaid \u00fcks telefonik\u00f5ne v\u00f5i e-posti teade soovitavast ametikohaotsingust ning k\u00e4ivitame koheselt otsinguprotsessi ametioskustega, motiveeritud t\u00f6\u00f6taja leidmiseks.<\/span><\/p>\n<p style=\"text-align: left;\">\n<p style=\"text-align: left;\"><strong>V\u00f5ta julgelt \u00fchendust, selgitame \u00fcheskoos v\u00e4lja hetkevajadusele sobiva lahenduse Teie ettev\u00f5tte t\u00f6\u00f6j\u00f5umuredele!<\/strong><\/p>\n","protected":false},"excerpt":{"rendered":"<p>T\u00f6\u00f6j\u00f5u vahendus(v\u00e4rbamine) Kui oled otsimas pikaaegset t\u00f6\u00f6tajat j\u00e4ta kogu personaliotsingu protsess Rimera Recruitment O\u00dc personaliteenuste spetsialistile! Kandidaadi v\u00e4rbamise protsessis Rimera Recruitment O\u00dc kaardistab kliendiga koost\u00f6\u00f6s v\u00e4rbamiseks olulised seigad. Nendeks on muuhulgas kompetentsi- ja koolitusn\u00f5uded, t\u00f6\u00f6keskkond ja muu seesugune info. Olles saanud t\u00e4psed otsingukriteeriumid, ametikohan\u00f5uded ning otsitava isikuprofiili kirjelduse paika: hoolitseme kuulutuse ilmutamise eest \u00f5igetes otsingukanalites [&hellip;]<\/p>\n","protected":false},"author":1,"featured_media":92,"parent":0,"menu_order":0,"comment_status":"closed","ping_status":"closed","template":"ettevottele-template.php","meta":{"footnotes":""},"class_list":["post-72","page","type-page","status-publish","has-post-thumbnail","hentry"],"acf":[],"_links":{"self":[{"href":"https:\/\/rimera.eu\/index.php\/wp-json\/wp\/v2\/pages\/72","targetHints":{"allow":["GET"]}}],"collection":[{"href":"https:\/\/rimera.eu\/index.php\/wp-json\/wp\/v2\/pages"}],"about":[{"href":"https:\/\/rimera.eu\/index.php\/wp-json\/wp\/v2\/types\/page"}],"author":[{"embeddable":true,"href":"https:\/\/rimera.eu\/index.php\/wp-json\/wp\/v2\/users\/1"}],"replies":[{"embeddable":true,"href":"https:\/\/rimera.eu\/index.php\/wp-json\/wp\/v2\/comments?post=72"}],"version-history":[{"count":4,"href":"https:\/\/rimera.eu\/index.php\/wp-json\/wp\/v2\/pages\/72\/revisions"}],"predecessor-version":[{"id":267,"href":"https:\/\/rimera.eu\/index.php\/wp-json\/wp\/v2\/pages\/72\/revisions\/267"}],"wp:featuredmedia":[{"embeddable":true,"href":"https:\/\/rimera.eu\/index.php\/wp-json\/wp\/v2\/media\/92"}],"wp:attachment":[{"href":"https:\/\/rimera.eu\/index.php\/wp-json\/wp\/v2\/media?parent=72"}],"curies":[{"name":"wp","href":"https:\/\/api.w.org\/{rel}","templated":true}]}}