{"id":76,"date":"2016-09-30T20:06:12","date_gmt":"2016-09-30T20:06:12","guid":{"rendered":"http:\/\/rimera.eu\/?page_id=76"},"modified":"2018-10-31T12:49:42","modified_gmt":"2018-10-31T12:49:42","slug":"toojou-rent-vahendus","status":"publish","type":"page","link":"https:\/\/rimera.eu\/index.php\/toojou-rent-vahendus\/","title":{"rendered":"T\u00f6\u00f6j\u00f5u rent + vahendus"},"content":{"rendered":"<p style=\"text-align: left;\"><span style=\"color: #003300;\"><em>T\u00f6\u00f6j\u00f5u rent\/ vahendus- kontseptsioonina pakume v\u00f5imalust ettev\u00f5tetele kui ka t\u00f6\u00f6tajatele saada omavahel tuttavaks ja saada kinnitust t\u00f6\u00f6taja sobivusest ametikohale ja ettev\u00f5ttesse.<\/em><\/span><\/p>\n<p style=\"text-align: left;\">Antud meetodit rakendatakse \u00fclemaailmselt arenenud maade t\u00f6\u00f6turgudel.<\/p>\n<p style=\"text-align: left;\">Rendime esmalt sobiva personaliotsingu l\u00e4binud t\u00f6\u00f6taja kokkulepitud perioodiks kasutajaettev\u00f5ttele ning kui t\u00f6\u00f6taja osutub rendiperioodi l\u00f5pul ettev\u00f5ttele sobivaks p\u00fcsit\u00f6\u00f6taja m\u00f5istes, sel juhul saab kasutajaettev\u00f5te v\u00e4rvata kokkulepitud v\u00e4rbamistasu eest t\u00f6\u00f6taja ja s\u00f5lmida temaga otselepingu.<\/p>\n<blockquote>\n<p style=\"text-align: left;\"><strong>T\u00f6\u00f6j\u00f5u rentimise ja seej\u00e4rel vahendamise(v\u00e4rbamise) \u00fchendamine on hea teenusepakett just riskivabaduse ning paindlikkuse t\u00f5ttu. Lisaks teenus on kiire ja kulut\u00f5hus.<\/strong><\/p>\n<\/blockquote>\n","protected":false},"excerpt":{"rendered":"<p>T\u00f6\u00f6j\u00f5u rent\/ vahendus- kontseptsioonina pakume v\u00f5imalust ettev\u00f5tetele kui ka t\u00f6\u00f6tajatele saada omavahel tuttavaks ja saada kinnitust t\u00f6\u00f6taja sobivusest ametikohale ja ettev\u00f5ttesse. Antud meetodit rakendatakse \u00fclemaailmselt arenenud maade t\u00f6\u00f6turgudel. Rendime esmalt sobiva personaliotsingu l\u00e4binud t\u00f6\u00f6taja kokkulepitud perioodiks kasutajaettev\u00f5ttele ning kui t\u00f6\u00f6taja osutub rendiperioodi l\u00f5pul ettev\u00f5ttele sobivaks p\u00fcsit\u00f6\u00f6taja m\u00f5istes, sel juhul saab kasutajaettev\u00f5te v\u00e4rvata kokkulepitud v\u00e4rbamistasu eest [&hellip;]<\/p>\n","protected":false},"author":1,"featured_media":92,"parent":0,"menu_order":0,"comment_status":"closed","ping_status":"closed","template":"ettevottele-template.php","meta":{"footnotes":""},"class_list":["post-76","page","type-page","status-publish","has-post-thumbnail","hentry"],"acf":[],"_links":{"self":[{"href":"https:\/\/rimera.eu\/index.php\/wp-json\/wp\/v2\/pages\/76","targetHints":{"allow":["GET"]}}],"collection":[{"href":"https:\/\/rimera.eu\/index.php\/wp-json\/wp\/v2\/pages"}],"about":[{"href":"https:\/\/rimera.eu\/index.php\/wp-json\/wp\/v2\/types\/page"}],"author":[{"embeddable":true,"href":"https:\/\/rimera.eu\/index.php\/wp-json\/wp\/v2\/users\/1"}],"replies":[{"embeddable":true,"href":"https:\/\/rimera.eu\/index.php\/wp-json\/wp\/v2\/comments?post=76"}],"version-history":[{"count":5,"href":"https:\/\/rimera.eu\/index.php\/wp-json\/wp\/v2\/pages\/76\/revisions"}],"predecessor-version":[{"id":269,"href":"https:\/\/rimera.eu\/index.php\/wp-json\/wp\/v2\/pages\/76\/revisions\/269"}],"wp:featuredmedia":[{"embeddable":true,"href":"https:\/\/rimera.eu\/index.php\/wp-json\/wp\/v2\/media\/92"}],"wp:attachment":[{"href":"https:\/\/rimera.eu\/index.php\/wp-json\/wp\/v2\/media?parent=76"}],"curies":[{"name":"wp","href":"https:\/\/api.w.org\/{rel}","templated":true}]}}